{"id":90,"date":"2020-10-05T02:39:53","date_gmt":"2020-10-05T02:39:53","guid":{"rendered":"http:\/\/visorinmobiliaria.com\/?page_id=90"},"modified":"2026-03-27T20:31:13","modified_gmt":"2026-03-27T20:31:13","slug":"departamentos","status":"publish","type":"page","link":"https:\/\/visorinmobiliaria.com\/?page_id=90","title":{"rendered":"DEPARTAMENTOS"},"content":{"rendered":"\t\t<div data-elementor-type=\"wp-page\" data-elementor-id=\"90\" class=\"elementor elementor-90\">\n\t\t\t\t<div class=\"elementor-element elementor-element-96015a0 e-flex e-con-boxed e-con e-parent\" data-id=\"96015a0\" data-element_type=\"container\" data-e-type=\"container\">\n\t\t\t\t\t<div class=\"e-con-inner\">\n\t\t<div class=\"elementor-element elementor-element-d46d1f0 e-con-full e-flex e-con e-child\" data-id=\"d46d1f0\" data-element_type=\"container\" data-e-type=\"container\">\n\t\t\t\t<div class=\"elementor-element elementor-element-4e997b4 elementor-widget elementor-widget-image\" data-id=\"4e997b4\" data-element_type=\"widget\" data-e-type=\"widget\" data-widget_type=\"image.default\">\n\t\t\t\t<div class=\"elementor-widget-container\">\n\t\t\t\t\t\t\t\t\t\t\t\t\t\t\t<img fetchpriority=\"high\" decoding=\"async\" width=\"262\" height=\"300\" src=\"https:\/\/visorinmobiliaria.com\/wp-content\/uploads\/2026\/02\/PORTADA-1-5-262x300.png\" class=\"attachment-medium size-medium wp-image-16235\" alt=\"\" srcset=\"https:\/\/visorinmobiliaria.com\/wp-content\/uploads\/2026\/02\/PORTADA-1-5-262x300.png 262w, https:\/\/visorinmobiliaria.com\/wp-content\/uploads\/2026\/02\/PORTADA-1-5-896x1024.png 896w, https:\/\/visorinmobiliaria.com\/wp-content\/uploads\/2026\/02\/PORTADA-1-5-768x878.png 768w, https:\/\/visorinmobiliaria.com\/wp-content\/uploads\/2026\/02\/PORTADA-1-5-1344x1536.png 1344w, https:\/\/visorinmobiliaria.com\/wp-content\/uploads\/2026\/02\/PORTADA-1-5-1791x2048.png 1791w\" sizes=\"(max-width: 262px) 100vw, 262px\" \/>\t\t\t\t\t\t\t\t\t\t\t\t\t\t\t<\/div>\n\t\t\t\t<\/div>\n\t\t\t\t<div class=\"elementor-element elementor-element-29b100d elementor-align-center elementor-widget elementor-widget-button\" data-id=\"29b100d\" data-element_type=\"widget\" data-e-type=\"widget\" data-widget_type=\"button.default\">\n\t\t\t\t<div class=\"elementor-widget-container\">\n\t\t\t\t\t\t\t\t\t<div class=\"elementor-button-wrapper\">\n\t\t\t\t\t<a class=\"elementor-button elementor-button-link elementor-size-sm\" href=\"https:\/\/visorinmobiliaria.com\/?page_id=16221\">\n\t\t\t\t\t\t<span class=\"elementor-button-content-wrapper\">\n\t\t\t\t\t\t\t\t\t<span class=\"elementor-button-text\">Ver m\u00e1s<\/span>\n\t\t\t\t\t<\/span>\n\t\t\t\t\t<\/a>\n\t\t\t\t<\/div>\n\t\t\t\t\t\t\t\t<\/div>\n\t\t\t\t<\/div>\n\t\t\t\t<\/div>\n\t\t<div class=\"elementor-element elementor-element-f20ed96 e-con-full e-flex e-con e-child\" data-id=\"f20ed96\" data-element_type=\"container\" data-e-type=\"container\">\n\t\t\t\t<div class=\"elementor-element elementor-element-a11cb93 elementor-widget elementor-widget-image\" data-id=\"a11cb93\" data-element_type=\"widget\" data-e-type=\"widget\" data-widget_type=\"image.default\">\n\t\t\t\t<div class=\"elementor-widget-container\">\n\t\t\t\t\t\t\t\t\t\t\t\t\t\t\t<img decoding=\"async\" width=\"262\" height=\"300\" src=\"https:\/\/visorinmobiliaria.com\/wp-content\/uploads\/2026\/01\/PORTADA-1-69-262x300.png\" class=\"attachment-medium size-medium wp-image-15985\" alt=\"\" srcset=\"https:\/\/visorinmobiliaria.com\/wp-content\/uploads\/2026\/01\/PORTADA-1-69-262x300.png 262w, https:\/\/visorinmobiliaria.com\/wp-content\/uploads\/2026\/01\/PORTADA-1-69-896x1024.png 896w, https:\/\/visorinmobiliaria.com\/wp-content\/uploads\/2026\/01\/PORTADA-1-69-768x878.png 768w, https:\/\/visorinmobiliaria.com\/wp-content\/uploads\/2026\/01\/PORTADA-1-69-1343x1536.png 1343w, https:\/\/visorinmobiliaria.com\/wp-content\/uploads\/2026\/01\/PORTADA-1-69-1791x2048.png 1791w\" sizes=\"(max-width: 262px) 100vw, 262px\" \/>\t\t\t\t\t\t\t\t\t\t\t\t\t\t\t<\/div>\n\t\t\t\t<\/div>\n\t\t\t\t<div class=\"elementor-element elementor-element-1a7d3ab elementor-align-center elementor-widget elementor-widget-button\" data-id=\"1a7d3ab\" data-element_type=\"widget\" data-e-type=\"widget\" data-widget_type=\"button.default\">\n\t\t\t\t<div class=\"elementor-widget-container\">\n\t\t\t\t\t\t\t\t\t<div class=\"elementor-button-wrapper\">\n\t\t\t\t\t<a class=\"elementor-button elementor-button-link elementor-size-sm\" href=\"https:\/\/visorinmobiliaria.com\/?page_id=15300\">\n\t\t\t\t\t\t<span class=\"elementor-button-content-wrapper\">\n\t\t\t\t\t\t\t\t\t<span class=\"elementor-button-text\">Ver m\u00e1s<\/span>\n\t\t\t\t\t<\/span>\n\t\t\t\t\t<\/a>\n\t\t\t\t<\/div>\n\t\t\t\t\t\t\t\t<\/div>\n\t\t\t\t<\/div>\n\t\t\t\t<\/div>\n\t\t<div class=\"elementor-element elementor-element-84dc194 e-con-full e-flex e-con e-child\" data-id=\"84dc194\" data-element_type=\"container\" data-e-type=\"container\">\n\t\t\t\t<div class=\"elementor-element elementor-element-0295e5b elementor-widget elementor-widget-image\" data-id=\"0295e5b\" data-element_type=\"widget\" data-e-type=\"widget\" data-widget_type=\"image.default\">\n\t\t\t\t<div class=\"elementor-widget-container\">\n\t\t\t\t\t\t\t\t\t\t\t\t\t\t\t<img decoding=\"async\" width=\"262\" height=\"300\" src=\"https:\/\/visorinmobiliaria.com\/wp-content\/uploads\/2026\/01\/PORTADA-1-76-262x300.png\" class=\"attachment-medium size-medium wp-image-16088\" alt=\"\" srcset=\"https:\/\/visorinmobiliaria.com\/wp-content\/uploads\/2026\/01\/PORTADA-1-76-262x300.png 262w, https:\/\/visorinmobiliaria.com\/wp-content\/uploads\/2026\/01\/PORTADA-1-76-896x1024.png 896w, https:\/\/visorinmobiliaria.com\/wp-content\/uploads\/2026\/01\/PORTADA-1-76-768x878.png 768w, https:\/\/visorinmobiliaria.com\/wp-content\/uploads\/2026\/01\/PORTADA-1-76-1343x1536.png 1343w, https:\/\/visorinmobiliaria.com\/wp-content\/uploads\/2026\/01\/PORTADA-1-76-1791x2048.png 1791w\" sizes=\"(max-width: 262px) 100vw, 262px\" \/>\t\t\t\t\t\t\t\t\t\t\t\t\t\t\t<\/div>\n\t\t\t\t<\/div>\n\t\t\t\t<div class=\"elementor-element elementor-element-2953af1 elementor-align-center elementor-widget elementor-widget-button\" data-id=\"2953af1\" data-element_type=\"widget\" data-e-type=\"widget\" data-widget_type=\"button.default\">\n\t\t\t\t<div class=\"elementor-widget-container\">\n\t\t\t\t\t\t\t\t\t<div class=\"elementor-button-wrapper\">\n\t\t\t\t\t<a class=\"elementor-button elementor-button-link elementor-size-sm\" href=\"https:\/\/visorinmobiliaria.com\/?page_id=16084\">\n\t\t\t\t\t\t<span class=\"elementor-button-content-wrapper\">\n\t\t\t\t\t\t\t\t\t<span class=\"elementor-button-text\">Ver m\u00e1s<\/span>\n\t\t\t\t\t<\/span>\n\t\t\t\t\t<\/a>\n\t\t\t\t<\/div>\n\t\t\t\t\t\t\t\t<\/div>\n\t\t\t\t<\/div>\n\t\t\t\t<\/div>\n\t\t<div class=\"elementor-element elementor-element-4dffd27 e-con-full e-flex e-con e-child\" data-id=\"4dffd27\" data-element_type=\"container\" data-e-type=\"container\">\n\t\t\t\t<div class=\"elementor-element elementor-element-a08eb97 elementor-widget elementor-widget-image\" data-id=\"a08eb97\" data-element_type=\"widget\" data-e-type=\"widget\" data-widget_type=\"image.default\">\n\t\t\t\t<div class=\"elementor-widget-container\">\n\t\t\t\t\t\t\t\t\t\t\t\t\t\t\t<img loading=\"lazy\" decoding=\"async\" width=\"262\" height=\"300\" src=\"https:\/\/visorinmobiliaria.com\/wp-content\/uploads\/2026\/02\/PORTADA-1-4-262x300.png\" class=\"attachment-medium size-medium wp-image-16217\" alt=\"\" srcset=\"https:\/\/visorinmobiliaria.com\/wp-content\/uploads\/2026\/02\/PORTADA-1-4-262x300.png 262w, https:\/\/visorinmobiliaria.com\/wp-content\/uploads\/2026\/02\/PORTADA-1-4-896x1024.png 896w, https:\/\/visorinmobiliaria.com\/wp-content\/uploads\/2026\/02\/PORTADA-1-4-768x878.png 768w, https:\/\/visorinmobiliaria.com\/wp-content\/uploads\/2026\/02\/PORTADA-1-4-1343x1536.png 1343w, https:\/\/visorinmobiliaria.com\/wp-content\/uploads\/2026\/02\/PORTADA-1-4-1791x2048.png 1791w\" sizes=\"(max-width: 262px) 100vw, 262px\" \/>\t\t\t\t\t\t\t\t\t\t\t\t\t\t\t<\/div>\n\t\t\t\t<\/div>\n\t\t\t\t<div class=\"elementor-element elementor-element-8c474c0 elementor-align-center elementor-widget elementor-widget-button\" data-id=\"8c474c0\" data-element_type=\"widget\" data-e-type=\"widget\" data-widget_type=\"button.default\">\n\t\t\t\t<div class=\"elementor-widget-container\">\n\t\t\t\t\t\t\t\t\t<div class=\"elementor-button-wrapper\">\n\t\t\t\t\t<a class=\"elementor-button elementor-button-link elementor-size-sm\" href=\"https:\/\/visorinmobiliaria.com\/?page_id=14676\">\n\t\t\t\t\t\t<span class=\"elementor-button-content-wrapper\">\n\t\t\t\t\t\t\t\t\t<span class=\"elementor-button-text\">Ver m\u00e1s<\/span>\n\t\t\t\t\t<\/span>\n\t\t\t\t\t<\/a>\n\t\t\t\t<\/div>\n\t\t\t\t\t\t\t\t<\/div>\n\t\t\t\t<\/div>\n\t\t\t\t<\/div>\n\t\t<div class=\"elementor-element elementor-element-9b269ca e-con-full e-flex e-con e-child\" data-id=\"9b269ca\" data-element_type=\"container\" data-e-type=\"container\">\n\t\t\t\t<div class=\"elementor-element elementor-element-66cbb29 elementor-widget elementor-widget-image\" data-id=\"66cbb29\" data-element_type=\"widget\" data-e-type=\"widget\" data-widget_type=\"image.default\">\n\t\t\t\t<div class=\"elementor-widget-container\">\n\t\t\t\t\t\t\t\t\t\t\t\t\t\t\t<img loading=\"lazy\" decoding=\"async\" width=\"262\" height=\"300\" src=\"https:\/\/visorinmobiliaria.com\/wp-content\/uploads\/2026\/03\/PORTADA-1-17-262x300.png\" class=\"attachment-medium size-medium wp-image-17033\" alt=\"\" srcset=\"https:\/\/visorinmobiliaria.com\/wp-content\/uploads\/2026\/03\/PORTADA-1-17-262x300.png 262w, https:\/\/visorinmobiliaria.com\/wp-content\/uploads\/2026\/03\/PORTADA-1-17-896x1024.png 896w, https:\/\/visorinmobiliaria.com\/wp-content\/uploads\/2026\/03\/PORTADA-1-17-768x878.png 768w, https:\/\/visorinmobiliaria.com\/wp-content\/uploads\/2026\/03\/PORTADA-1-17-1343x1536.png 1343w, https:\/\/visorinmobiliaria.com\/wp-content\/uploads\/2026\/03\/PORTADA-1-17-1791x2048.png 1791w\" sizes=\"(max-width: 262px) 100vw, 262px\" \/>\t\t\t\t\t\t\t\t\t\t\t\t\t\t\t<\/div>\n\t\t\t\t<\/div>\n\t\t\t\t<div class=\"elementor-element elementor-element-d130ab5 elementor-align-center elementor-widget elementor-widget-button\" data-id=\"d130ab5\" data-element_type=\"widget\" data-e-type=\"widget\" data-widget_type=\"button.default\">\n\t\t\t\t<div class=\"elementor-widget-container\">\n\t\t\t\t\t\t\t\t\t<div class=\"elementor-button-wrapper\">\n\t\t\t\t\t<a class=\"elementor-button elementor-button-link elementor-size-sm\" href=\"https:\/\/visorinmobiliaria.com\/?page_id=17026\">\n\t\t\t\t\t\t<span class=\"elementor-button-content-wrapper\">\n\t\t\t\t\t\t\t\t\t<span class=\"elementor-button-text\">Ver m\u00e1s<\/span>\n\t\t\t\t\t<\/span>\n\t\t\t\t\t<\/a>\n\t\t\t\t<\/div>\n\t\t\t\t\t\t\t\t<\/div>\n\t\t\t\t<\/div>\n\t\t\t\t<\/div>\n\t\t<div class=\"elementor-element elementor-element-d6e10a0 e-con-full e-flex e-con e-child\" data-id=\"d6e10a0\" data-element_type=\"container\" data-e-type=\"container\">\n\t\t\t\t<\/div>\n\t\t\t\t\t<\/div>\n\t\t\t\t<\/div>\n\t\t\t\t<\/div>\n\t\t","protected":false},"excerpt":{"rendered":"<p>Ver m\u00e1s Ver m\u00e1s Ver m\u00e1s Ver m\u00e1s Ver m\u00e1s<\/p>\n","protected":false},"author":1,"featured_media":0,"parent":0,"menu_order":0,"comment_status":"closed","ping_status":"closed","template":"","meta":{"footnotes":""},"class_list":["post-90","page","type-page","status-publish","hentry"],"_links":{"self":[{"href":"https:\/\/visorinmobiliaria.com\/index.php?rest_route=\/wp\/v2\/pages\/90","targetHints":{"allow":["GET"]}}],"collection":[{"href":"https:\/\/visorinmobiliaria.com\/index.php?rest_route=\/wp\/v2\/pages"}],"about":[{"href":"https:\/\/visorinmobiliaria.com\/index.php?rest_route=\/wp\/v2\/types\/page"}],"author":[{"embeddable":true,"href":"https:\/\/visorinmobiliaria.com\/index.php?rest_route=\/wp\/v2\/users\/1"}],"replies":[{"embeddable":true,"href":"https:\/\/visorinmobiliaria.com\/index.php?rest_route=%2Fwp%2Fv2%2Fcomments&post=90"}],"version-history":[{"count":681,"href":"https:\/\/visorinmobiliaria.com\/index.php?rest_route=\/wp\/v2\/pages\/90\/revisions"}],"predecessor-version":[{"id":17040,"href":"https:\/\/visorinmobiliaria.com\/index.php?rest_route=\/wp\/v2\/pages\/90\/revisions\/17040"}],"wp:attachment":[{"href":"https:\/\/visorinmobiliaria.com\/index.php?rest_route=%2Fwp%2Fv2%2Fmedia&parent=90"}],"curies":[{"name":"wp","href":"https:\/\/api.w.org\/{rel}","templated":true}]}}